{"id":80,"date":"2025-07-04T00:09:38","date_gmt":"2025-07-03T22:09:38","guid":{"rendered":"http:\/\/www.carrelagedaigre.fr\/?page_id=80"},"modified":"2026-02-28T09:32:31","modified_gmt":"2026-02-28T08:32:31","slug":"parquets-flottants-belle-ile-en-mer","status":"publish","type":"page","link":"https:\/\/www.carrelagedaigre.fr\/index.php\/parquets-flottants-belle-ile-en-mer\/","title":{"rendered":"Sols PVC et stratifi\u00e9s"},"content":{"rendered":"<div class=\"fusion-fullwidth fullwidth-box fusion-builder-row-1 fusion-flex-container has-pattern-background has-mask-background nonhundred-percent-fullwidth non-hundred-percent-height-scrolling\" style=\"--awb-border-radius-top-left:0px;--awb-border-radius-top-right:0px;--awb-border-radius-bottom-right:0px;--awb-border-radius-bottom-left:0px;--awb-background-color:var(--awb-color1);--awb-flex-wrap:wrap;\" ><div class=\"fusion-builder-row fusion-row fusion-flex-align-items-flex-start fusion-flex-content-wrap\" style=\"max-width:1248px;margin-left: calc(-4% \/ 2 );margin-right: calc(-4% \/ 2 );\"><div class=\"fusion-layout-column fusion_builder_column fusion-builder-column-0 fusion_builder_column_2_5 2_5 fusion-flex-column\" style=\"--awb-bg-size:cover;--awb-width-large:40%;--awb-margin-top-large:0px;--awb-spacing-right-large:4.8%;--awb-margin-bottom-large:20px;--awb-spacing-left-large:4.8%;--awb-width-medium:40%;--awb-order-medium:0;--awb-spacing-right-medium:4.8%;--awb-spacing-left-medium:4.8%;--awb-width-small:100%;--awb-order-small:0;--awb-spacing-right-small:1.92%;--awb-spacing-left-small:1.92%;\"><div class=\"fusion-column-wrapper fusion-column-has-shadow fusion-flex-justify-content-flex-start fusion-content-layout-column\"><div class=\"fusion-image-element \" style=\"--awb-margin-bottom:10px;--awb-caption-title-font-family:var(--h2_typography-font-family);--awb-caption-title-font-weight:var(--h2_typography-font-weight);--awb-caption-title-font-style:var(--h2_typography-font-style);--awb-caption-title-size:var(--h2_typography-font-size);--awb-caption-title-transform:var(--h2_typography-text-transform);--awb-caption-title-line-height:var(--h2_typography-line-height);--awb-caption-title-letter-spacing:var(--h2_typography-letter-spacing);\"><span class=\" fusion-imageframe imageframe-none imageframe-1 hover-type-none\"><img fetchpriority=\"high\" fetchpriority=\"high\" decoding=\"async\" width=\"1350\" height=\"1080\" alt=\"Parquets flottants Belle-\u00cele-en-Mer\" title=\"Parquets flottants Belle-\u00cele-en-Mer\" src=\"https:\/\/www.carrelagedaigre.fr\/wp-content\/uploads\/2025\/12\/Carrelage-Daigre-Belle-Ile-en-mer-1.png\" class=\"img-responsive wp-image-597\" srcset=\"https:\/\/www.carrelagedaigre.fr\/wp-content\/uploads\/2025\/12\/Carrelage-Daigre-Belle-Ile-en-mer-1-200x160.png 200w, https:\/\/www.carrelagedaigre.fr\/wp-content\/uploads\/2025\/12\/Carrelage-Daigre-Belle-Ile-en-mer-1-400x320.png 400w, https:\/\/www.carrelagedaigre.fr\/wp-content\/uploads\/2025\/12\/Carrelage-Daigre-Belle-Ile-en-mer-1-600x480.png 600w, https:\/\/www.carrelagedaigre.fr\/wp-content\/uploads\/2025\/12\/Carrelage-Daigre-Belle-Ile-en-mer-1-800x640.png 800w, https:\/\/www.carrelagedaigre.fr\/wp-content\/uploads\/2025\/12\/Carrelage-Daigre-Belle-Ile-en-mer-1-1200x960.png 1200w, https:\/\/www.carrelagedaigre.fr\/wp-content\/uploads\/2025\/12\/Carrelage-Daigre-Belle-Ile-en-mer-1.png 1350w\" sizes=\"(max-width: 640px) 100vw, 600px\" \/><\/span><\/div><\/div><\/div><div class=\"fusion-layout-column fusion_builder_column fusion-builder-column-1 fusion_builder_column_3_5 3_5 fusion-flex-column\" style=\"--awb-bg-size:cover;--awb-width-large:60%;--awb-margin-top-large:0px;--awb-spacing-right-large:3.2%;--awb-margin-bottom-large:20px;--awb-spacing-left-large:3.2%;--awb-width-medium:60%;--awb-order-medium:0;--awb-spacing-right-medium:3.2%;--awb-spacing-left-medium:3.2%;--awb-width-small:100%;--awb-order-small:0;--awb-spacing-right-small:1.92%;--awb-spacing-left-small:1.92%;\"><div class=\"fusion-column-wrapper fusion-column-has-shadow fusion-flex-justify-content-flex-start fusion-content-layout-column\"><i class=\"fb-icon-element-1 fb-icon-element fontawesome-icon fa-ruler-horizontal fas circle-yes\" style=\"--awb-iconcolor:var(--awb-custom_color_2);--awb-circlecolor:#ffffff;--awb-circlebordersize:0px;--awb-font-size:19.36px;--awb-width:38.72px;--awb-height:38.72px;--awb-line-height:38.72px;--awb-align-self:flex-start;--awb-margin-top:0px;--awb-margin-right:0px;--awb-margin-bottom:0px;--awb-margin-left:0px;\"><\/i><div class=\"fusion-title title fusion-title-1 fusion-sep-none fusion-title-text fusion-title-size-one\" style=\"--awb-font-size:20px;\"><h1 class=\"fusion-title-heading title-heading-left\" style=\"font-family:Arial, Helvetica, sans-serif;font-style:normal;font-weight:400;margin:0;font-size:1em;\"><h1 style=\"text-align: left;\"><span style=\"color: #7f9ba4;\"><strong>SOLS PVC ET STRATIFI\u00c9S<\/strong><\/span><\/h1><\/h1><\/div><div class=\"fusion-text fusion-text-1\" style=\"--awb-content-alignment:justify;--awb-text-color:var(--awb-color7);--awb-text-font-family:-apple-system, BlinkMacSystemFont, &#039;Segoe UI&#039;, Roboto, Oxygen-Sans, Ubuntu, Cantarell, &#039;Helvetica Neue&#039; ,sans-serif;--awb-text-font-style:normal;--awb-text-font-weight:400;\"><p class=\"p1\"><b>En tant que sp\u00e9cialistes de rev\u00eatements \u00e0 Belle-\u00cele-en-Mer, nous avions \u00e0 coeur de proposer nos services \u00e0 celles et ceux qui font le choix d\u2019un sol stratifi\u00e9 ou de lames PVC. C\u2019est chose faite !<\/b><\/p>\n<p class=\"p1\">Il arrive souvent que nos clients souhaitent mixer les mat\u00e9riaux pour leurs rev\u00eatements. Vous proposer la pose de parquets flottants stratifi\u00e9s ou PVC pour vos int\u00e9rieurs s\u2019av\u00e9rait donc \u00eatre une suite logique pour notre entreprise.<\/p>\n<p class=\"p1\"><b>Vous avez un projet de construction ou de r\u00e9novation \u00e0 Belle-\u00cele-en-Mer et recherchez un professionnel pour poser votre parquet flottant ?<\/b>\u00a0Pr\u00e9sentez-nous votre projet !<\/p>\n<\/div><div class=\"sm-text-align-center\" style=\"text-align:right;\"><a class=\"fusion-button button-flat button-xlarge button-custom fusion-button-default button-1 fusion-button-default-span fusion-button-default-type\" style=\"--button_accent_color:var(--awb-color1);--button_accent_hover_color:var(--awb-color1);--button_border_hover_color:var(--awb-color1);--button_gradient_top_color:var(--awb-color4);--button_gradient_bottom_color:var(--awb-color4);--button_gradient_top_color_hover:hsla(var(--awb-color5-h),calc(var(--awb-color5-s) - 5%),calc(var(--awb-color5-l) - 15%),var(--awb-color5-a));--button_gradient_bottom_color_hover:hsla(var(--awb-color5-h),calc(var(--awb-color5-s) - 5%),calc(var(--awb-color5-l) - 15%),var(--awb-color5-a));--button_typography-font-family:-apple-system, BlinkMacSystemFont, &#039;Segoe UI&#039;, Roboto, Oxygen-Sans, Ubuntu, Cantarell, &#039;Helvetica Neue&#039; ,sans-serif;--button_typography-font-style:normal;--button_typography-font-weight:400;--button_margin-top:20px;--button_margin-bottom:20px;\" target=\"_self\" href=\"https:\/\/www.carrelagedaigre.fr\/index.php\/contact-chapiste-carreleur-belle-ile-en-mer\/\"><i class=\"fa-comments fas awb-button__icon awb-button__icon--default button-icon-left\" aria-hidden=\"true\"><\/i><span class=\"fusion-button-text awb-button__text awb-button__text--default\">DEMANDER UN DEVIS<\/span><\/a><\/div><\/div><\/div><\/div><\/div>\n","protected":false},"excerpt":{"rendered":"","protected":false},"author":1,"featured_media":597,"parent":0,"menu_order":5,"comment_status":"closed","ping_status":"closed","template":"100-width.php","meta":{"footnotes":""},"class_list":["post-80","page","type-page","status-publish","has-post-thumbnail","hentry"],"_links":{"self":[{"href":"https:\/\/www.carrelagedaigre.fr\/index.php\/wp-json\/wp\/v2\/pages\/80","targetHints":{"allow":["GET"]}}],"collection":[{"href":"https:\/\/www.carrelagedaigre.fr\/index.php\/wp-json\/wp\/v2\/pages"}],"about":[{"href":"https:\/\/www.carrelagedaigre.fr\/index.php\/wp-json\/wp\/v2\/types\/page"}],"author":[{"embeddable":true,"href":"https:\/\/www.carrelagedaigre.fr\/index.php\/wp-json\/wp\/v2\/users\/1"}],"replies":[{"embeddable":true,"href":"https:\/\/www.carrelagedaigre.fr\/index.php\/wp-json\/wp\/v2\/comments?post=80"}],"version-history":[{"count":11,"href":"https:\/\/www.carrelagedaigre.fr\/index.php\/wp-json\/wp\/v2\/pages\/80\/revisions"}],"predecessor-version":[{"id":668,"href":"https:\/\/www.carrelagedaigre.fr\/index.php\/wp-json\/wp\/v2\/pages\/80\/revisions\/668"}],"wp:featuredmedia":[{"embeddable":true,"href":"https:\/\/www.carrelagedaigre.fr\/index.php\/wp-json\/wp\/v2\/media\/597"}],"wp:attachment":[{"href":"https:\/\/www.carrelagedaigre.fr\/index.php\/wp-json\/wp\/v2\/media?parent=80"}],"curies":[{"name":"wp","href":"https:\/\/api.w.org\/{rel}","templated":true}]}}